{"id":769,"date":"2020-01-21T20:40:34","date_gmt":"2020-01-21T19:40:34","guid":{"rendered":"https:\/\/www.larrafrag.sk\/?page_id=769"},"modified":"2021-06-21T18:43:26","modified_gmt":"2021-06-21T16:43:26","slug":"cenova-ponuka","status":"publish","type":"page","link":"https:\/\/www.larrafrag.sk\/?page_id=769","title":{"rendered":"cenov\u00e1 ponuka"},"content":{"rendered":"\n<h4 class=\"has-text-align-center\"><strong>\u010eakujeme za prejaven\u00fd z\u00e1ujem o na\u0161e v\u00fdrobky<\/strong><\/h4>\n\n\n\n<p>V nasleduj\u00facom formul\u00e1ri n\u00e1s kontaktujte pre vypracovanie cenovej ponuky. Do spr\u00e1vy pros\u00edm uve\u010fte druh produktu o ktor\u00fd m\u00e1te z\u00e1ujem,  <strong>rozmer stavebn\u00fdch otvorov<\/strong>, <strong>vybran\u00fd<\/strong> <strong>typ<\/strong>, <strong>farbu<\/strong>, <strong>miesto mont\u00e1\u017ee <\/strong>a pribli\u017en\u00fd <strong>d\u00e1tum<\/strong>, kedy chcete ma\u0165 produkt namontovan\u00fd. V pr\u00edpade, ak by ste si neboli ist\u00fd v\u00fdberom kontaktujte n\u00e1s radi V\u00e1m porad\u00edme. <\/p>\n\n\n\n<p>Cenov\u00fa ponuku sa V\u00e1m pok\u00fasime vypracova\u0165 \u010do v najkrat\u0161om \u010dase a zasla\u0165 na e-mail.<\/p>\n\n\n\n<p>V pr\u00edpade ak\u00fdchko\u013evek nejasnost\u00ed n\u00e1s nev\u00e1hajte kontaktova\u0165 e-mailom alebo telefonicky. <\/p>\n\n\n<div class=\"wpforms-container wpforms-container-full wpforms-block\" id=\"wpforms-456\"><form id=\"wpforms-form-456\" class=\"wpforms-validate wpforms-form\" data-formid=\"456\" method=\"post\" enctype=\"multipart\/form-data\" action=\"\/index.php?rest_route=%2Fwp%2Fv2%2Fpages%2F769\" data-token=\"664da1ac2d8b7ac5c4971bc34f6fc73d\"><noscript class=\"wpforms-error-noscript\">Please enable JavaScript in your browser to complete this form.<\/noscript><div class=\"wpforms-field-container\"><div id=\"wpforms-456-field_0-container\" class=\"wpforms-field wpforms-field-name\" data-field-id=\"0\"><label class=\"wpforms-field-label\" for=\"wpforms-456-field_0\">Meno a priezvisko <span class=\"wpforms-required-label\">*<\/span><\/label><div class=\"wpforms-field-row wpforms-field-medium\"><div class=\"wpforms-field-row-block wpforms-first wpforms-one-half\"><input type=\"text\" id=\"wpforms-456-field_0\" class=\"wpforms-field-name-first wpforms-field-required\" name=\"wpforms[fields][0][first]\" required><label for=\"wpforms-456-field_0\" class=\"wpforms-field-sublabel after \">First<\/label><\/div><div class=\"wpforms-field-row-block wpforms-one-half\"><input type=\"text\" id=\"wpforms-456-field_0-last\" class=\"wpforms-field-name-last wpforms-field-required\" name=\"wpforms[fields][0][last]\" required><label for=\"wpforms-456-field_0-last\" class=\"wpforms-field-sublabel after \">Last<\/label><\/div><\/div><\/div><div id=\"wpforms-456-field_3-container\" class=\"wpforms-field wpforms-field-number\" data-field-id=\"3\"><label class=\"wpforms-field-label\" for=\"wpforms-456-field_3\">Telef\u00f3n<\/label><input type=\"number\" pattern=\"\\d*\" id=\"wpforms-456-field_3\" class=\"wpforms-field-medium\" name=\"wpforms[fields][3]\" ><\/div><div id=\"wpforms-456-field_1-container\" class=\"wpforms-field wpforms-field-email\" data-field-id=\"1\"><label class=\"wpforms-field-label\" for=\"wpforms-456-field_1\">Email <span class=\"wpforms-required-label\">*<\/span><\/label><input type=\"email\" id=\"wpforms-456-field_1\" class=\"wpforms-field-medium wpforms-field-required\" name=\"wpforms[fields][1]\" spellcheck=\"false\" required><\/div><div id=\"wpforms-456-field_2-container\" class=\"wpforms-field wpforms-field-textarea\" data-field-id=\"2\"><label class=\"wpforms-field-label\" for=\"wpforms-456-field_2\">Va\u0161a spr\u00e1va <span class=\"wpforms-required-label\">*<\/span><\/label><textarea id=\"wpforms-456-field_2\" class=\"wpforms-field-medium wpforms-field-required\" name=\"wpforms[fields][2]\" required><\/textarea><\/div><\/div><!-- .wpforms-field-container --><div class=\"wpforms-field wpforms-field-hp\"><label for=\"wpforms-456-field-hp\" class=\"wpforms-field-label\">Message<\/label><input type=\"text\" name=\"wpforms[hp]\" id=\"wpforms-456-field-hp\" class=\"wpforms-field-medium\"><\/div><div class=\"wpforms-submit-container\" ><input type=\"hidden\" name=\"wpforms[id]\" value=\"456\"><input type=\"hidden\" name=\"wpforms[author]\" value=\"1\"><button type=\"submit\" name=\"wpforms[submit]\" id=\"wpforms-submit-456\" class=\"wpforms-submit\" data-alt-text=\"Sending...\" data-submit-text=\"Submit\" aria-live=\"assertive\" value=\"wpforms-submit\">Submit<\/button><\/div><\/form><\/div>  <!-- .wpforms-container -->","protected":false},"excerpt":{"rendered":"<p>\u010eakujeme za prejaven\u00fd z\u00e1ujem o na\u0161e v\u00fdrobky V nasleduj\u00facom formul\u00e1ri n\u00e1s kontaktujte pre vypracovanie cenovej ponuky. Do spr\u00e1vy pros\u00edm uve\u010fte druh produktu o ktor\u00fd m\u00e1te z\u00e1ujem, rozmer stavebn\u00fdch otvorov, vybran\u00fd typ, farbu, miesto mont\u00e1\u017ee a pribli\u017en\u00fd d\u00e1tum, kedy chcete ma\u0165 produkt namontovan\u00fd. V pr\u00edpade, ak &hellip; <a href=\"https:\/\/www.larrafrag.sk\/?page_id=769\" class=\"more-link\"><span>Continue reading<span class=\"screen-reader-text\">cenov\u00e1 ponuka<\/span><\/span><\/a><\/p>\n","protected":false},"author":1,"featured_media":0,"parent":0,"menu_order":0,"comment_status":"closed","ping_status":"closed","template":"","meta":{"_mi_skip_tracking":false,"_exactmetrics_sitenote_active":false,"_exactmetrics_sitenote_note":"","_exactmetrics_sitenote_category":0},"yoast_head":"<!-- This site is optimized with the Yoast SEO plugin v16.7 - https:\/\/yoast.com\/wordpress\/plugins\/seo\/ -->\n<title>cenov\u00e1 ponuka -<\/title>\n<meta name=\"robots\" content=\"index, follow, max-snippet:-1, max-image-preview:large, max-video-preview:-1\" \/>\n<link rel=\"canonical\" href=\"https:\/\/www.larrafrag.sk\/?page_id=769\" \/>\n<meta property=\"og:locale\" content=\"sk_SK\" \/>\n<meta property=\"og:type\" content=\"article\" \/>\n<meta property=\"og:title\" content=\"cenov\u00e1 ponuka -\" \/>\n<meta property=\"og:description\" content=\"\u010eakujeme za prejaven\u00fd z\u00e1ujem o na\u0161e v\u00fdrobky V nasleduj\u00facom formul\u00e1ri n\u00e1s kontaktujte pre vypracovanie cenovej ponuky. Do spr\u00e1vy pros\u00edm uve\u010fte druh produktu o ktor\u00fd m\u00e1te z\u00e1ujem, rozmer stavebn\u00fdch otvorov, vybran\u00fd typ, farbu, miesto mont\u00e1\u017ee a pribli\u017en\u00fd d\u00e1tum, kedy chcete ma\u0165 produkt namontovan\u00fd. V pr\u00edpade, ak &hellip; Continue readingcenov\u00e1 ponuka\" \/>\n<meta property=\"og:url\" content=\"https:\/\/www.larrafrag.sk\/?page_id=769\" \/>\n<meta property=\"article:publisher\" content=\"https:\/\/www.facebook.com\/LarraFrag-100636694663508\/\" \/>\n<meta property=\"article:modified_time\" content=\"2021-06-21T16:43:26+00:00\" \/>\n<meta name=\"twitter:card\" content=\"summary_large_image\" \/>\n<meta name=\"twitter:label1\" content=\"Predpokladan\u00fd \u010das \u010d\u00edtania\" \/>\n\t<meta name=\"twitter:data1\" content=\"1 min\u00fata\" \/>\n<script type=\"application\/ld+json\" class=\"yoast-schema-graph\">{\"@context\":\"https:\/\/schema.org\",\"@graph\":[{\"@type\":\"Organization\",\"@id\":\"https:\/\/www.larrafrag.sk\/#organization\",\"name\":\"LarraFrag s.r.o.\",\"url\":\"https:\/\/www.larrafrag.sk\/\",\"sameAs\":[\"https:\/\/www.facebook.com\/LarraFrag-100636694663508\/\",\"https:\/\/instagram.com\/larrafrag?igshid=tz2xp2w0fhdv\"],\"logo\":{\"@type\":\"ImageObject\",\"@id\":\"https:\/\/www.larrafrag.sk\/#logo\",\"inLanguage\":\"sk-SK\",\"url\":\"https:\/\/www.larrafrag.sk\/wp-content\/uploads\/2019\/10\/LOGOCIERNE-e1572092420637.png\",\"contentUrl\":\"https:\/\/www.larrafrag.sk\/wp-content\/uploads\/2019\/10\/LOGOCIERNE-e1572092420637.png\",\"width\":500,\"height\":310,\"caption\":\"LarraFrag s.r.o.\"},\"image\":{\"@id\":\"https:\/\/www.larrafrag.sk\/#logo\"}},{\"@type\":\"WebSite\",\"@id\":\"https:\/\/www.larrafrag.sk\/#website\",\"url\":\"https:\/\/www.larrafrag.sk\/\",\"name\":\"LarraFrag - Okn\\u00e1 a dvere, \\u017eal\\u00fazie, pergoly, br\\u00e1ny a z\\u00e1bradlia\",\"description\":\"Okn\\u00e1 a dvere, \\u017eal\\u00fazie, pergoly, br\\u00e1ny a z\\u00e1bradlia\",\"publisher\":{\"@id\":\"https:\/\/www.larrafrag.sk\/#organization\"},\"potentialAction\":[{\"@type\":\"SearchAction\",\"target\":{\"@type\":\"EntryPoint\",\"urlTemplate\":\"https:\/\/www.larrafrag.sk\/?s={search_term_string}\"},\"query-input\":\"required name=search_term_string\"}],\"inLanguage\":\"sk-SK\"},{\"@type\":\"WebPage\",\"@id\":\"https:\/\/www.larrafrag.sk\/?page_id=769#webpage\",\"url\":\"https:\/\/www.larrafrag.sk\/?page_id=769\",\"name\":\"cenov\\u00e1 ponuka -\",\"isPartOf\":{\"@id\":\"https:\/\/www.larrafrag.sk\/#website\"},\"datePublished\":\"2020-01-21T19:40:34+00:00\",\"dateModified\":\"2021-06-21T16:43:26+00:00\",\"breadcrumb\":{\"@id\":\"https:\/\/www.larrafrag.sk\/?page_id=769#breadcrumb\"},\"inLanguage\":\"sk-SK\",\"potentialAction\":[{\"@type\":\"ReadAction\",\"target\":[\"https:\/\/www.larrafrag.sk\/?page_id=769\"]}]},{\"@type\":\"BreadcrumbList\",\"@id\":\"https:\/\/www.larrafrag.sk\/?page_id=769#breadcrumb\",\"itemListElement\":[{\"@type\":\"ListItem\",\"position\":1,\"name\":\"Home\",\"item\":\"https:\/\/www.larrafrag.sk\/\"},{\"@type\":\"ListItem\",\"position\":2,\"name\":\"cenov\\u00e1 ponuka\"}]}]}<\/script>\n<!-- \/ Yoast SEO plugin. -->","yoast_head_json":{"title":"cenov\u00e1 ponuka -","robots":{"index":"index","follow":"follow","max-snippet":"max-snippet:-1","max-image-preview":"max-image-preview:large","max-video-preview":"max-video-preview:-1"},"canonical":"https:\/\/www.larrafrag.sk\/?page_id=769","og_locale":"sk_SK","og_type":"article","og_title":"cenov\u00e1 ponuka -","og_description":"\u010eakujeme za prejaven\u00fd z\u00e1ujem o na\u0161e v\u00fdrobky V nasleduj\u00facom formul\u00e1ri n\u00e1s kontaktujte pre vypracovanie cenovej ponuky. Do spr\u00e1vy pros\u00edm uve\u010fte druh produktu o ktor\u00fd m\u00e1te z\u00e1ujem, rozmer stavebn\u00fdch otvorov, vybran\u00fd typ, farbu, miesto mont\u00e1\u017ee a pribli\u017en\u00fd d\u00e1tum, kedy chcete ma\u0165 produkt namontovan\u00fd. V pr\u00edpade, ak &hellip; Continue readingcenov\u00e1 ponuka","og_url":"https:\/\/www.larrafrag.sk\/?page_id=769","article_publisher":"https:\/\/www.facebook.com\/LarraFrag-100636694663508\/","article_modified_time":"2021-06-21T16:43:26+00:00","twitter_card":"summary_large_image","twitter_misc":{"Predpokladan\u00fd \u010das \u010d\u00edtania":"1 min\u00fata"},"schema":{"@context":"https:\/\/schema.org","@graph":[{"@type":"Organization","@id":"https:\/\/www.larrafrag.sk\/#organization","name":"LarraFrag s.r.o.","url":"https:\/\/www.larrafrag.sk\/","sameAs":["https:\/\/www.facebook.com\/LarraFrag-100636694663508\/","https:\/\/instagram.com\/larrafrag?igshid=tz2xp2w0fhdv"],"logo":{"@type":"ImageObject","@id":"https:\/\/www.larrafrag.sk\/#logo","inLanguage":"sk-SK","url":"https:\/\/www.larrafrag.sk\/wp-content\/uploads\/2019\/10\/LOGOCIERNE-e1572092420637.png","contentUrl":"https:\/\/www.larrafrag.sk\/wp-content\/uploads\/2019\/10\/LOGOCIERNE-e1572092420637.png","width":500,"height":310,"caption":"LarraFrag s.r.o."},"image":{"@id":"https:\/\/www.larrafrag.sk\/#logo"}},{"@type":"WebSite","@id":"https:\/\/www.larrafrag.sk\/#website","url":"https:\/\/www.larrafrag.sk\/","name":"LarraFrag - Okn\u00e1 a dvere, \u017eal\u00fazie, pergoly, br\u00e1ny a z\u00e1bradlia","description":"Okn\u00e1 a dvere, \u017eal\u00fazie, pergoly, br\u00e1ny a z\u00e1bradlia","publisher":{"@id":"https:\/\/www.larrafrag.sk\/#organization"},"potentialAction":[{"@type":"SearchAction","target":{"@type":"EntryPoint","urlTemplate":"https:\/\/www.larrafrag.sk\/?s={search_term_string}"},"query-input":"required name=search_term_string"}],"inLanguage":"sk-SK"},{"@type":"WebPage","@id":"https:\/\/www.larrafrag.sk\/?page_id=769#webpage","url":"https:\/\/www.larrafrag.sk\/?page_id=769","name":"cenov\u00e1 ponuka -","isPartOf":{"@id":"https:\/\/www.larrafrag.sk\/#website"},"datePublished":"2020-01-21T19:40:34+00:00","dateModified":"2021-06-21T16:43:26+00:00","breadcrumb":{"@id":"https:\/\/www.larrafrag.sk\/?page_id=769#breadcrumb"},"inLanguage":"sk-SK","potentialAction":[{"@type":"ReadAction","target":["https:\/\/www.larrafrag.sk\/?page_id=769"]}]},{"@type":"BreadcrumbList","@id":"https:\/\/www.larrafrag.sk\/?page_id=769#breadcrumb","itemListElement":[{"@type":"ListItem","position":1,"name":"Home","item":"https:\/\/www.larrafrag.sk\/"},{"@type":"ListItem","position":2,"name":"cenov\u00e1 ponuka"}]}]}},"_links":{"self":[{"href":"https:\/\/www.larrafrag.sk\/index.php?rest_route=\/wp\/v2\/pages\/769"}],"collection":[{"href":"https:\/\/www.larrafrag.sk\/index.php?rest_route=\/wp\/v2\/pages"}],"about":[{"href":"https:\/\/www.larrafrag.sk\/index.php?rest_route=\/wp\/v2\/types\/page"}],"author":[{"embeddable":true,"href":"https:\/\/www.larrafrag.sk\/index.php?rest_route=\/wp\/v2\/users\/1"}],"replies":[{"embeddable":true,"href":"https:\/\/www.larrafrag.sk\/index.php?rest_route=%2Fwp%2Fv2%2Fcomments&post=769"}],"version-history":[{"count":5,"href":"https:\/\/www.larrafrag.sk\/index.php?rest_route=\/wp\/v2\/pages\/769\/revisions"}],"predecessor-version":[{"id":830,"href":"https:\/\/www.larrafrag.sk\/index.php?rest_route=\/wp\/v2\/pages\/769\/revisions\/830"}],"wp:attachment":[{"href":"https:\/\/www.larrafrag.sk\/index.php?rest_route=%2Fwp%2Fv2%2Fmedia&parent=769"}],"curies":[{"name":"wp","href":"https:\/\/api.w.org\/{rel}","templated":true}]}}